{"id":248466,"date":"2023-01-16T18:17:43","date_gmt":"2023-01-16T16:17:43","guid":{"rendered":"https:\/\/xonoria.eusebiomonreal.com\/politicas-de-seguranca\/"},"modified":"2023-01-16T18:17:43","modified_gmt":"2023-01-16T16:17:43","slug":"politicas-de-seguranca","status":"publish","type":"page","link":"https:\/\/xonoria.eusebiomonreal.com\/pt-pt\/politicas-de-seguranca\/","title":{"rendered":"Pol\u00edticas de seguran\u00e7a"},"content":{"rendered":"<p><span class=\"jCAhz ChMk0b\"><span class=\"ryNqvb\">Os dados do cliente s\u00e3o armazenados no &#8220;Google Cloud Storage&#8221; para documentos e &#8220;Google Compute Engine Disks&#8221; por meio do &#8220;Google Kubernetes Engine (GKE)&#8221; para o banco de dados.<\/span><\/span> <span class=\"jCAhz ChMk0b\"><span class=\"ryNqvb\">A criptografia \u00e9 feita automaticamente pelo Google, com chaves gerenciadas pelo Google.<\/span><\/span> <span class=\"jCAhz ChMk0b\"><span class=\"ryNqvb\">Para mais informacao:<\/span><\/span><\/p>\n<ul>\n<li><span class=\"jCAhz ChMk0b\"><span class=\"ryNqvb\">https:\/\/cloud.google.com\/security?hl=en-419<\/span><\/span><\/li>\n<li><span class=\"jCAhz ChMk0b\"><span class=\"ryNqvb\">https:\/\/cloud.google.com\/docs\/security\/encryption-in-transit?hl=es-419<\/span><\/span><\/li>\n<li><span class=\"jCAhz ChMk0b\"><span class=\"ryNqvb\">https:\/\/cloud.google.com\/compute\/docs\/disks#pd_encryption<\/span><\/span><\/li>\n<\/ul>\n<p><span class=\"jCAhz ChMk0b\"><span class=\"ryNqvb\">A localiza\u00e7\u00e3o dos 2 servi\u00e7os \u00e9 Zonal, em:<\/span><\/span><\/p>\n<ul>\n<li><span class=\"jCAhz ChMk0b\"><span class=\"ryNqvb\">Europe-West1-b (Saint-Ghislain, B\u00e9lgica, Europa).<\/span><\/span><\/li>\n<\/ul>\n<p><span class=\"jCAhz ChMk0b\"><span class=\"ryNqvb\">As medidas de seguran\u00e7a s\u00e3o as implementadas pela Google para os servi\u00e7os de:<\/span><\/span><\/p>\n<ul>\n<li><span class=\"jCAhz ChMk0b\"><span class=\"ryNqvb\">Google Cloud Storage: https:\/\/cloud.google.com\/storage\/docs\/access-control?hl=es-419<\/span><\/span><\/li>\n<li><span class=\"jCAhz ChMk0b\"><span class=\"ryNqvb\">Discos do Google Compute Engine do Google Kubernetes Engine (GKE): https:\/\/cloud.google.com\/kubernetes-engine\/docs\/concepts\/security-overview?hl=es-419<\/span><\/span><\/li>\n<\/ul>\n<p><span class=\"jCAhz ChMk0b\"><span class=\"ryNqvb\">E nossas medidas de seguran\u00e7a para acesso ao aplicativo atrav\u00e9s de usu\u00e1rio &#8211; senha<\/span><\/span><\/p>\n","protected":false},"excerpt":{"rendered":"<p>Os dados do cliente s\u00e3o armazenados no &#8220;Google Cloud Storage&#8221; para documentos e &#8220;Google Compute Engine Disks&#8221; por meio do &#8220;Google Kubernetes Engine (GKE)&#8221; para o banco de dados. A criptografia \u00e9 feita automaticamente pelo Google, com chaves gerenciadas pelo Google. Para mais informacao: https:\/\/cloud.google.com\/security?hl=en-419 https:\/\/cloud.google.com\/docs\/security\/encryption-in-transit?hl=es-419 https:\/\/cloud.google.com\/compute\/docs\/disks#pd_encryption A localiza\u00e7\u00e3o dos 2 servi\u00e7os \u00e9 Zonal, em: [&hellip;]<\/p>\n","protected":false},"author":1,"featured_media":0,"parent":0,"menu_order":0,"comment_status":"closed","ping_status":"closed","template":"","meta":{"_acf_changed":false,"_et_pb_use_builder":"","_et_pb_old_content":"","_et_gb_content_width":"","_joinchat":[],"footnotes":""},"class_list":["post-248466","page","type-page","status-publish","hentry"],"acf":[],"_links":{"self":[{"href":"https:\/\/xonoria.eusebiomonreal.com\/pt-pt\/wp-json\/wp\/v2\/pages\/248466","targetHints":{"allow":["GET"]}}],"collection":[{"href":"https:\/\/xonoria.eusebiomonreal.com\/pt-pt\/wp-json\/wp\/v2\/pages"}],"about":[{"href":"https:\/\/xonoria.eusebiomonreal.com\/pt-pt\/wp-json\/wp\/v2\/types\/page"}],"author":[{"embeddable":true,"href":"https:\/\/xonoria.eusebiomonreal.com\/pt-pt\/wp-json\/wp\/v2\/users\/1"}],"replies":[{"embeddable":true,"href":"https:\/\/xonoria.eusebiomonreal.com\/pt-pt\/wp-json\/wp\/v2\/comments?post=248466"}],"version-history":[{"count":0,"href":"https:\/\/xonoria.eusebiomonreal.com\/pt-pt\/wp-json\/wp\/v2\/pages\/248466\/revisions"}],"wp:attachment":[{"href":"https:\/\/xonoria.eusebiomonreal.com\/pt-pt\/wp-json\/wp\/v2\/media?parent=248466"}],"curies":[{"name":"wp","href":"https:\/\/api.w.org\/{rel}","templated":true}]}}